{"id":6006,"date":"2025-10-16T11:45:34","date_gmt":"2025-10-16T08:45:34","guid":{"rendered":"http:\/\/www.tukenmezkitap.com\/kitap\/ey-yolcu-1-sairul-islam-yunus-kokan"},"modified":"2025-10-16T11:45:34","modified_gmt":"2025-10-16T08:45:34","slug":"ey-yolcu-1-sairul-islam-yunus-kokan","status":"publish","type":"product","link":"https:\/\/www.tukenmezkitap.com\/en\/kitap\/ey-yolcu-1-sairul-islam-yunus-kokan","title":{"rendered":"Ey Yolcu 1 &#8211; \u015e\u00e2ir&#8217;\u00fcl \u0130sl\u00e2m Y\u00fbnus Kokan"},"content":{"rendered":"<p>Ey yolcu! Yer arama, mek\u00e2n arama! Biz derg\u00e2h\u0131m\u0131z\u0131 g\u00f6n\u00fcllere kurar\u0131z.<\/p>\n<p>Ey yolcu! Bir davan yoksa, yoksun demektir.<\/p>\n<p>Ey yolcu! \u0130nsan kitap okur.<\/p>","protected":false},"excerpt":{"rendered":"<p>Ey yolcu! Yer arama, mek\u00e2n arama! Biz derg\u00e2h\u0131m\u0131z\u0131 g\u00f6n\u00fcllere kurar\u0131z. Ey yolcu! Bir davan yoksa, yoksun demektir. Ey yolcu! \u0130nsan kitap okur.<\/p>","protected":false},"featured_media":4439,"comment_status":"closed","ping_status":"open","template":"","meta":{"inline_featured_image":false},"product_cat":[371],"product_tag":[],"class_list":{"0":"post-6006","1":"product","2":"type-product","3":"status-publish","4":"has-post-thumbnail","6":"product_cat-din-tasavvuf-kitaplari","7":"pa_boyut-135-x-195-cm","8":"pa_dil-turkce","9":"pa_sayfa-sayisi-714","10":"pa_yayin-tarihi-7-5-2023","11":"pa_yazar-sairul-islam-yunus-kokan","13":"first","14":"instock","15":"sale","16":"purchasable","17":"product-type-simple"},"_links":{"self":[{"href":"https:\/\/www.tukenmezkitap.com\/en\/wp-json\/wp\/v2\/product\/6006","targetHints":{"allow":["GET"]}}],"collection":[{"href":"https:\/\/www.tukenmezkitap.com\/en\/wp-json\/wp\/v2\/product"}],"about":[{"href":"https:\/\/www.tukenmezkitap.com\/en\/wp-json\/wp\/v2\/types\/product"}],"replies":[{"embeddable":true,"href":"https:\/\/www.tukenmezkitap.com\/en\/wp-json\/wp\/v2\/comments?post=6006"}],"wp:featuredmedia":[{"embeddable":true,"href":"https:\/\/www.tukenmezkitap.com\/en\/wp-json\/wp\/v2\/media\/4439"}],"wp:attachment":[{"href":"https:\/\/www.tukenmezkitap.com\/en\/wp-json\/wp\/v2\/media?parent=6006"}],"wp:term":[{"taxonomy":"product_cat","embeddable":true,"href":"https:\/\/www.tukenmezkitap.com\/en\/wp-json\/wp\/v2\/product_cat?post=6006"},{"taxonomy":"product_tag","embeddable":true,"href":"https:\/\/www.tukenmezkitap.com\/en\/wp-json\/wp\/v2\/product_tag?post=6006"}],"curies":[{"name":"wp","href":"https:\/\/api.w.org\/{rel}","templated":true}]}}