{"id":6011,"date":"2025-10-16T11:45:34","date_gmt":"2025-10-16T08:45:34","guid":{"rendered":"http:\/\/www.tukenmezkitap.com\/kitap\/bozkir-oykuleri-erdal-yildirim"},"modified":"2025-10-16T11:45:35","modified_gmt":"2025-10-16T08:45:35","slug":"bozkir-oykuleri-erdal-yildirim","status":"publish","type":"product","link":"https:\/\/www.tukenmezkitap.com\/en\/kitap\/bozkir-oykuleri-erdal-yildirim","title":{"rendered":"Bozk\u0131r \u00d6yk\u00fcleri &#8211; Erdal Y\u0131ld\u0131r\u0131m"},"content":{"rendered":"<p>Bozk\u0131r \u00f6yk\u00fcleri ad\u0131n\u0131 ta\u015f\u0131yan bu eser; edebiyat d\u00fcnyas\u0131nda hen\u00fcz emekleme \u00e7a\u011f\u0131ndaki yazar\u0131m\u0131z\u0131n T\u00fcrk gen\u00e7li\u011fine T\u00fcrk tarihini, k\u00fclt\u00fcr\u00fcn\u00fc, sanat\u0131n\u0131 ve mitolojisini sevdirmek amac\u0131yla yazm\u0131\u015f oldu\u011fu \u00f6yk\u00fclerden olu\u015fmaktad\u0131r.<\/p>\n<p>Yazar\u0131m\u0131z, Bozk\u0131r \u00d6yk\u00fcleri&#8217;nde sonsuz bozk\u0131rda bir tarih\u00e7i titizli\u011fiyle \u00e7al\u0131\u015f\u0131p; u\u00e7suz bucaks\u0131z bozk\u0131rdan her biri birbirinden de\u011ferli olan T\u00fcrk tarihinden, k\u00fclt\u00fcr\u00fcnden, sanat\u0131ndan ve mitolojisinden kaynaklanan sevgi, sayg\u0131, dostluk, cesaret, kendine g\u00fcven gibi gizli hazineleri \u00e7\u0131karmaya \u00e7al\u0131\u015fm\u0131\u015ft\u0131r. Bu gizli hazineler de Bozk\u0131r \u00d6yk\u00fcleri&#8217;nin konusunu olu\u015fturmaktad\u0131r.<\/p>\n<p>Sonunda yazg\u0131 kendini tekrar etti:<\/p>\n<p>\u201c\u0130nsan, hayallerinin pe\u015finden gittik\u00e7e insand\u0131r.\u201d<\/p>","protected":false},"excerpt":{"rendered":"<p>Bozk\u0131r \u00f6yk\u00fcleri ad\u0131n\u0131 ta\u015f\u0131yan bu eser; edebiyat d\u00fcnyas\u0131nda hen\u00fcz emekleme \u00e7a\u011f\u0131ndaki yazar\u0131m\u0131z\u0131n T\u00fcrk gen\u00e7li\u011fine T\u00fcrk tarihini, k\u00fclt\u00fcr\u00fcn\u00fc, sanat\u0131n\u0131 ve mitolojisini sevdirmek amac\u0131yla yazm\u0131\u015f oldu\u011fu \u00f6yk\u00fclerden olu\u015fmaktad\u0131r. Yazar\u0131m\u0131z, Bozk\u0131r \u00d6yk\u00fcleri&#8217;nde sonsuz bozk\u0131rda bir tarih\u00e7i titizli\u011fiyle \u00e7al\u0131\u015f\u0131p; u\u00e7suz bucaks\u0131z bozk\u0131rdan her biri birbirinden de\u011ferli olan T\u00fcrk tarihinden, k\u00fclt\u00fcr\u00fcnden, sanat\u0131ndan ve mitolojisinden kaynaklanan sevgi, sayg\u0131, dostluk, cesaret, kendine [&hellip;]<\/p>\n","protected":false},"featured_media":4449,"comment_status":"closed","ping_status":"open","template":"","meta":{"inline_featured_image":false},"product_cat":[657],"product_tag":[],"class_list":{"0":"post-6011","1":"product","2":"type-product","3":"status-publish","4":"has-post-thumbnail","6":"product_cat-oyku","7":"pa_boyut-135-x-195-cm","8":"pa_dil-turkce","9":"pa_sayfa-sayisi-825","10":"pa_yayin-tarihi-8-25-2023","11":"pa_yazar-erdal-yildirim","13":"first","14":"instock","15":"sale","16":"purchasable","17":"product-type-simple"},"_links":{"self":[{"href":"https:\/\/www.tukenmezkitap.com\/en\/wp-json\/wp\/v2\/product\/6011","targetHints":{"allow":["GET"]}}],"collection":[{"href":"https:\/\/www.tukenmezkitap.com\/en\/wp-json\/wp\/v2\/product"}],"about":[{"href":"https:\/\/www.tukenmezkitap.com\/en\/wp-json\/wp\/v2\/types\/product"}],"replies":[{"embeddable":true,"href":"https:\/\/www.tukenmezkitap.com\/en\/wp-json\/wp\/v2\/comments?post=6011"}],"wp:featuredmedia":[{"embeddable":true,"href":"https:\/\/www.tukenmezkitap.com\/en\/wp-json\/wp\/v2\/media\/4449"}],"wp:attachment":[{"href":"https:\/\/www.tukenmezkitap.com\/en\/wp-json\/wp\/v2\/media?parent=6011"}],"wp:term":[{"taxonomy":"product_cat","embeddable":true,"href":"https:\/\/www.tukenmezkitap.com\/en\/wp-json\/wp\/v2\/product_cat?post=6011"},{"taxonomy":"product_tag","embeddable":true,"href":"https:\/\/www.tukenmezkitap.com\/en\/wp-json\/wp\/v2\/product_tag?post=6011"}],"curies":[{"name":"wp","href":"https:\/\/api.w.org\/{rel}","templated":true}]}}