{"id":6125,"date":"2025-10-16T11:45:57","date_gmt":"2025-10-16T08:45:57","guid":{"rendered":"http:\/\/www.tukenmezkitap.com\/kitap\/nur-anne-ve-nazli-oglak-cansu-sole"},"modified":"2025-10-16T11:45:57","modified_gmt":"2025-10-16T08:45:57","slug":"nur-anne-ve-nazli-oglak-cansu-sole","status":"publish","type":"product","link":"https:\/\/www.tukenmezkitap.com\/en\/kitap\/nur-anne-ve-nazli-oglak-cansu-sole","title":{"rendered":"Nur Anne ve Nazl\u0131 O\u011flak &#8211; Cansu Sole"},"content":{"rendered":"<p>Ormana girmek i\u00e7in neden izin al\u0131n\u0131rm\u0131\u015f?<br \/>\nA\u011fa\u00e7lar bizim selam\u0131m\u0131z\u0131 duyar m\u0131ym\u0131\u015f?<br \/>\nNur Annenin bu selamlamay\u0131 yapmas\u0131n\u0131n \u00e7ok \u00f6zel bir sebebi varm\u0131\u015f&#8230;<\/p>\n<p><strong>\u00dcr\u00fcn, 22 x 22 cm, renkli bask\u0131d\u0131r.<\/strong><\/p>","protected":false},"excerpt":{"rendered":"<p>Ormana girmek i\u00e7in neden izin al\u0131n\u0131rm\u0131\u015f? A\u011fa\u00e7lar bizim selam\u0131m\u0131z\u0131 duyar m\u0131ym\u0131\u015f? Nur Annenin bu selamlamay\u0131 yapmas\u0131n\u0131n \u00e7ok \u00f6zel bir sebebi varm\u0131\u015f&#8230; \u00dcr\u00fcn, 22 x 22 cm, renkli bask\u0131d\u0131r.<\/p>","protected":false},"featured_media":4675,"comment_status":"closed","ping_status":"open","template":"","meta":{"inline_featured_image":false},"product_cat":[386],"product_tag":[],"class_list":{"0":"post-6125","1":"product","2":"type-product","3":"status-publish","4":"has-post-thumbnail","6":"product_cat-cocuk-kitaplari","7":"pa_boyut-135-x-195-cm","8":"pa_dil-turkce","9":"pa_sayfa-sayisi-839","10":"pa_yayin-tarihi-6-20-2025","11":"pa_yazar-cansu-sole","13":"first","14":"instock","15":"sale","16":"purchasable","17":"product-type-simple"},"_links":{"self":[{"href":"https:\/\/www.tukenmezkitap.com\/en\/wp-json\/wp\/v2\/product\/6125","targetHints":{"allow":["GET"]}}],"collection":[{"href":"https:\/\/www.tukenmezkitap.com\/en\/wp-json\/wp\/v2\/product"}],"about":[{"href":"https:\/\/www.tukenmezkitap.com\/en\/wp-json\/wp\/v2\/types\/product"}],"replies":[{"embeddable":true,"href":"https:\/\/www.tukenmezkitap.com\/en\/wp-json\/wp\/v2\/comments?post=6125"}],"wp:featuredmedia":[{"embeddable":true,"href":"https:\/\/www.tukenmezkitap.com\/en\/wp-json\/wp\/v2\/media\/4675"}],"wp:attachment":[{"href":"https:\/\/www.tukenmezkitap.com\/en\/wp-json\/wp\/v2\/media?parent=6125"}],"wp:term":[{"taxonomy":"product_cat","embeddable":true,"href":"https:\/\/www.tukenmezkitap.com\/en\/wp-json\/wp\/v2\/product_cat?post=6125"},{"taxonomy":"product_tag","embeddable":true,"href":"https:\/\/www.tukenmezkitap.com\/en\/wp-json\/wp\/v2\/product_tag?post=6125"}],"curies":[{"name":"wp","href":"https:\/\/api.w.org\/{rel}","templated":true}]}}