{"id":6158,"date":"2025-10-16T11:52:07","date_gmt":"2025-10-16T08:52:07","guid":{"rendered":"http:\/\/www.tukenmezkitap.com\/kitap\/yurek-yurege-fulya-uludag"},"modified":"2025-10-16T11:52:19","modified_gmt":"2025-10-16T08:52:19","slug":"yurek-yurege-fulya-uludag","status":"publish","type":"product","link":"https:\/\/www.tukenmezkitap.com\/en\/kitap\/yurek-yurege-fulya-uludag","title":{"rendered":"Y\u00fcrek Y\u00fcre\u011fe &#8211; Fulya Uluda\u011f"},"content":{"rendered":"<table class=\"attribute\">\n<tbody>\n<tr>\n<td>Yay\u0131n Tarihi<\/td>\n<td>2017-07-12<\/td>\n<\/tr>\n<tr>\n<td>ISBN<\/td>\n<td>6059672504<\/td>\n<\/tr>\n<tr>\n<td>Bask\u0131 Say\u0131s\u0131<\/td>\n<td>1. Bask\u0131<\/td>\n<\/tr>\n<tr>\n<td>Dil<\/td>\n<td>T\u00dcRK\u00c7E<\/td>\n<\/tr>\n<tr>\n<td>Sayfa Say\u0131s\u0131<\/td>\n<td>86<\/td>\n<\/tr>\n<tr>\n<td>Cilt Tipi<\/td>\n<td>Karton Kapak<\/td>\n<\/tr>\n<tr>\n<td>Ka\u011f\u0131t Cinsi<\/td>\n<td>Kitap Ka\u011f\u0131d\u0131<\/td>\n<\/tr>\n<tr>\n<td>Boyut<\/td>\n<td>13.5 x 19.5 cm<\/td>\n<\/tr>\n<\/tbody>\n<\/table>","protected":false},"excerpt":{"rendered":"<p>Hayat, Rabbimizin bize sundu\u011fu bir mucizedir.<br \/>\nSevgi olmasa, a\u015fk olmasa, \u015fiirler, \u015fark\u0131lar, dostlar olmasa nas\u0131l \u00e7\u0131kar ki bu mucizenin tad\u0131?<br \/>\nBiz a\u015fk\u0131 \u015fark\u0131larda ya\u015fad\u0131k.<br \/>\nBiz a\u015fk\u0131 destenlerden \u00f6\u011frendik.<br \/>\nRomanlarda ya\u015fad\u0131k.<br \/>\nOnlarla sevindik, onlarla a\u011flad\u0131k.<br \/>\nA\u015f\u0131k olduk \u015fiirlire s\u0131\u011f\u0131nd\u0131k,<br \/>\nAyr\u0131l\u0131klar\u0131 en g\u00fczel \u015fiirlerde anlatt\u0131k.<br \/>\nKalp k\u0131r\u0131klar\u0131n\u0131n ilac\u0131d\u0131r \u015fiir.<br \/>\nBiz \u015fairler i\u00e7imizden d\u00f6k\u00fclenleri sat\u0131rlara ta\u015f\u0131d\u0131k.<br \/>\nT\u00fcm \u015fiir ve g\u00f6n\u00fcl dostlar\u0131na sevgilerimle&#8230;<\/p>","protected":false},"featured_media":6159,"comment_status":"closed","ping_status":"open","template":"","meta":{"inline_featured_image":false},"product_cat":[1020,1019],"product_tag":[],"class_list":{"0":"post-6158","1":"product","2":"type-product","3":"status-publish","4":"has-post-thumbnail","6":"product_cat-siir","7":"product_cat-edebiyat","8":"pa_boyut-135-x-195-cm","9":"pa_dil-turkce","10":"pa_sayfa-sayisi-1042","11":"pa_yayin-tarihi-7-12-2017","12":"pa_yazar-fulya-uludag","14":"first","15":"instock","16":"sale","17":"purchasable","18":"product-type-simple"},"_links":{"self":[{"href":"https:\/\/www.tukenmezkitap.com\/en\/wp-json\/wp\/v2\/product\/6158","targetHints":{"allow":["GET"]}}],"collection":[{"href":"https:\/\/www.tukenmezkitap.com\/en\/wp-json\/wp\/v2\/product"}],"about":[{"href":"https:\/\/www.tukenmezkitap.com\/en\/wp-json\/wp\/v2\/types\/product"}],"replies":[{"embeddable":true,"href":"https:\/\/www.tukenmezkitap.com\/en\/wp-json\/wp\/v2\/comments?post=6158"}],"wp:featuredmedia":[{"embeddable":true,"href":"https:\/\/www.tukenmezkitap.com\/en\/wp-json\/wp\/v2\/media\/6159"}],"wp:attachment":[{"href":"https:\/\/www.tukenmezkitap.com\/en\/wp-json\/wp\/v2\/media?parent=6158"}],"wp:term":[{"taxonomy":"product_cat","embeddable":true,"href":"https:\/\/www.tukenmezkitap.com\/en\/wp-json\/wp\/v2\/product_cat?post=6158"},{"taxonomy":"product_tag","embeddable":true,"href":"https:\/\/www.tukenmezkitap.com\/en\/wp-json\/wp\/v2\/product_tag?post=6158"}],"curies":[{"name":"wp","href":"https:\/\/api.w.org\/{rel}","templated":true}]}}