{"id":6426,"date":"2025-10-16T11:57:44","date_gmt":"2025-10-16T08:57:44","guid":{"rendered":"http:\/\/www.tukenmezkitap.com\/kitap\/gelincik-eylul-ayse-corduk"},"modified":"2025-10-16T11:57:51","modified_gmt":"2025-10-16T08:57:51","slug":"gelincik-eylul-ayse-corduk","status":"publish","type":"product","link":"https:\/\/www.tukenmezkitap.com\/en\/kitap\/gelincik-eylul-ayse-corduk","title":{"rendered":"Gelincik &#8211; Eyl\u00fcl Ay\u015fe \u00c7\u00f6rd\u00fck"},"content":{"rendered":"","protected":false},"excerpt":{"rendered":"<p>Da\u011f \u00e7i\u00e7e\u011fi, k\u00f6ks\u00fcz ba\u011fs\u0131z ince ve narin, k\u0131r\u0131lgan ve zarif, bir gelin duva\u011f\u0131, bir g\u00fcn bat\u0131m\u0131. Duru\u015fu \u015faheser g\u00fczelli\u011fi destan, anlam\u0131 b\u00fcy\u00fck tarifi g\u00fc\u00e7, kan k\u0131rm\u0131z\u0131s\u0131 kadifemsi t\u00fcl.<\/p>","protected":false},"featured_media":6427,"comment_status":"closed","ping_status":"open","template":"","meta":{"inline_featured_image":false},"product_cat":[1019,1033],"product_tag":[],"class_list":{"0":"post-6426","1":"product","2":"type-product","3":"status-publish","4":"has-post-thumbnail","6":"product_cat-edebiyat","7":"product_cat-roman","8":"pa_boyut-135-x-195-cm","9":"pa_dil-turkce","10":"pa_sayfa-sayisi-818","11":"pa_yayin-tarihi-10-16-2020","12":"pa_yazar-eylul-ayse-corduk","14":"first","15":"instock","16":"sale","17":"purchasable","18":"product-type-simple"},"_links":{"self":[{"href":"https:\/\/www.tukenmezkitap.com\/en\/wp-json\/wp\/v2\/product\/6426","targetHints":{"allow":["GET"]}}],"collection":[{"href":"https:\/\/www.tukenmezkitap.com\/en\/wp-json\/wp\/v2\/product"}],"about":[{"href":"https:\/\/www.tukenmezkitap.com\/en\/wp-json\/wp\/v2\/types\/product"}],"replies":[{"embeddable":true,"href":"https:\/\/www.tukenmezkitap.com\/en\/wp-json\/wp\/v2\/comments?post=6426"}],"wp:featuredmedia":[{"embeddable":true,"href":"https:\/\/www.tukenmezkitap.com\/en\/wp-json\/wp\/v2\/media\/6427"}],"wp:attachment":[{"href":"https:\/\/www.tukenmezkitap.com\/en\/wp-json\/wp\/v2\/media?parent=6426"}],"wp:term":[{"taxonomy":"product_cat","embeddable":true,"href":"https:\/\/www.tukenmezkitap.com\/en\/wp-json\/wp\/v2\/product_cat?post=6426"},{"taxonomy":"product_tag","embeddable":true,"href":"https:\/\/www.tukenmezkitap.com\/en\/wp-json\/wp\/v2\/product_tag?post=6426"}],"curies":[{"name":"wp","href":"https:\/\/api.w.org\/{rel}","templated":true}]}}