{"id":6456,"date":"2025-10-16T11:57:44","date_gmt":"2025-10-16T08:57:44","guid":{"rendered":"http:\/\/www.tukenmezkitap.com\/kitap\/zamanin-durdugu-anlar-bir-urolojik-roman-doc-dr-haluk-soylemez"},"modified":"2025-10-16T11:58:29","modified_gmt":"2025-10-16T08:58:29","slug":"zamanin-durdugu-anlar-bir-urolojik-roman-doc-dr-haluk-soylemez","status":"publish","type":"product","link":"https:\/\/www.tukenmezkitap.com\/en\/kitap\/zamanin-durdugu-anlar-bir-urolojik-roman-doc-dr-haluk-soylemez","title":{"rendered":"Zaman\u0131n Durdu\u011fu Anlar &#8211; Bir \u00dcrolojik Roman &#8211; Do\u00e7. Dr. Haluk S\u00f6ylemez"},"content":{"rendered":"","protected":false},"excerpt":{"rendered":"<p>Do\u00e7. Dr. Haluk S\u00f6ylemez 1977 Malatya do\u011fumlu olup, ilk\u00f6\u011frenimini Malatya&#8217;da, liseyi Sivas&#8217;ta bitirdikten sonra Cerrahpa\u015fa T\u0131p Fak\u00fcltesi&#8217;nde okudu. T\u0131p Fak\u00fcltesi&#8217;nden 2001 y\u0131l\u0131nda mezun olup \u00fcroloji ihtisas\u0131n\u0131 tamamlayarak \u00dcroloji Uzman\u0131 oldu. Mecburi hizmet ve vatani g\u00f6revini bitirdikten sonra mesle\u011fine bir akademisyen olarak devam etti. Bu kapsamda Dicle \u00dcniversitesi&#8217;nde ve Hacettepe \u00dcniversitesi&#8217;nde \u00e7al\u0131\u015ft\u0131. \u015eu anda \u00f6zel sekt\u00f6rde g\u00f6revine devam etmektedir.<\/p>\n<p>T\u0131bbi terimlerden uzak kalarak yazd\u0131\u011f\u0131 bu romanla, \u00fcrolojik birka\u00e7 hastal\u0131k hakk\u0131nda fark\u0131ndal\u0131k olu\u015fturmay\u0131 ama\u00e7layan yazar, ayn\u0131 zamanda devam ettirdi\u011fi hasta muayenesi ve tedavisinin d\u0131\u015f\u0131na \u00e7\u0131kararak da faydal\u0131 olmaya \u00e7al\u0131\u015fm\u0131\u015ft\u0131r.<\/p>","protected":false},"featured_media":6457,"comment_status":"closed","ping_status":"open","template":"","meta":{"inline_featured_image":false},"product_cat":[1019,1033],"product_tag":[],"class_list":{"0":"post-6456","1":"product","2":"type-product","3":"status-publish","4":"has-post-thumbnail","6":"product_cat-edebiyat","7":"product_cat-roman","8":"pa_boyut-135-x-195-cm","9":"pa_dil-turkce","10":"pa_sayfa-sayisi-1259","11":"pa_yayin-tarihi-3-3-2021","12":"pa_yazar-doc-dr-haluk-soylemez","14":"first","15":"instock","16":"sale","17":"purchasable","18":"product-type-simple"},"_links":{"self":[{"href":"https:\/\/www.tukenmezkitap.com\/en\/wp-json\/wp\/v2\/product\/6456","targetHints":{"allow":["GET"]}}],"collection":[{"href":"https:\/\/www.tukenmezkitap.com\/en\/wp-json\/wp\/v2\/product"}],"about":[{"href":"https:\/\/www.tukenmezkitap.com\/en\/wp-json\/wp\/v2\/types\/product"}],"replies":[{"embeddable":true,"href":"https:\/\/www.tukenmezkitap.com\/en\/wp-json\/wp\/v2\/comments?post=6456"}],"wp:featuredmedia":[{"embeddable":true,"href":"https:\/\/www.tukenmezkitap.com\/en\/wp-json\/wp\/v2\/media\/6457"}],"wp:attachment":[{"href":"https:\/\/www.tukenmezkitap.com\/en\/wp-json\/wp\/v2\/media?parent=6456"}],"wp:term":[{"taxonomy":"product_cat","embeddable":true,"href":"https:\/\/www.tukenmezkitap.com\/en\/wp-json\/wp\/v2\/product_cat?post=6456"},{"taxonomy":"product_tag","embeddable":true,"href":"https:\/\/www.tukenmezkitap.com\/en\/wp-json\/wp\/v2\/product_tag?post=6456"}],"curies":[{"name":"wp","href":"https:\/\/api.w.org\/{rel}","templated":true}]}}