{"id":6536,"date":"2025-10-16T11:59:25","date_gmt":"2025-10-16T08:59:25","guid":{"rendered":"http:\/\/www.tukenmezkitap.com\/kitap\/mavi-dusler-beyza-guler"},"modified":"2025-10-16T12:00:11","modified_gmt":"2025-10-16T09:00:11","slug":"mavi-dusler-beyza-guler","status":"publish","type":"product","link":"https:\/\/www.tukenmezkitap.com\/en\/kitap\/mavi-dusler-beyza-guler","title":{"rendered":"Mavi D\u00fc\u015fler &#8211; Beyza G\u00fcler"},"content":{"rendered":"","protected":false},"excerpt":{"rendered":"<p>Sen t\u00fcm limanlar\u0131n ba\u015flang\u0131c\u0131 ben sana vurgun bir k\u00f6le<br \/>\nOkyanuslar var sanki g\u00f6zlerine bakt\u0131k\u00e7a bo\u011fuluyorum<br \/>\nB\u00fcy\u00fcyor g\u00f6zlerin ve ben daha \u00e7ok ya\u015f\u0131yorum seni mavi kadar u\u00e7suz a\u015fkla<br \/>\n&#8211;<br \/>\nSAADET<br \/>\nA\u015fk huduttur son nefeste soludu\u011fum en derin sadet<br \/>\nCam kesi\u011fi gibi kalbim, sonum sen olmay\u0131nca<br \/>\nLisan\u0131m\u0131 kaybettim akl\u0131m\u0131n en \u00fccra kelimeleriyle anlat\u0131yorum<br \/>\nSEN\u0130 SEV\u0130YORUM<\/p>","protected":false},"featured_media":6537,"comment_status":"closed","ping_status":"open","template":"","meta":{"inline_featured_image":false},"product_cat":[1020,1019],"product_tag":[],"class_list":{"0":"post-6536","1":"product","2":"type-product","3":"status-publish","4":"has-post-thumbnail","6":"product_cat-siir","7":"product_cat-edebiyat","8":"pa_boyut-135-x-195-cm","9":"pa_dil-turkce","10":"pa_sayfa-sayisi-797","11":"pa_yayin-tarihi-10-8-2021","12":"pa_yazar-beyza-guler","14":"first","15":"instock","16":"sale","17":"purchasable","18":"product-type-simple"},"_links":{"self":[{"href":"https:\/\/www.tukenmezkitap.com\/en\/wp-json\/wp\/v2\/product\/6536","targetHints":{"allow":["GET"]}}],"collection":[{"href":"https:\/\/www.tukenmezkitap.com\/en\/wp-json\/wp\/v2\/product"}],"about":[{"href":"https:\/\/www.tukenmezkitap.com\/en\/wp-json\/wp\/v2\/types\/product"}],"replies":[{"embeddable":true,"href":"https:\/\/www.tukenmezkitap.com\/en\/wp-json\/wp\/v2\/comments?post=6536"}],"wp:featuredmedia":[{"embeddable":true,"href":"https:\/\/www.tukenmezkitap.com\/en\/wp-json\/wp\/v2\/media\/6537"}],"wp:attachment":[{"href":"https:\/\/www.tukenmezkitap.com\/en\/wp-json\/wp\/v2\/media?parent=6536"}],"wp:term":[{"taxonomy":"product_cat","embeddable":true,"href":"https:\/\/www.tukenmezkitap.com\/en\/wp-json\/wp\/v2\/product_cat?post=6536"},{"taxonomy":"product_tag","embeddable":true,"href":"https:\/\/www.tukenmezkitap.com\/en\/wp-json\/wp\/v2\/product_tag?post=6536"}],"curies":[{"name":"wp","href":"https:\/\/api.w.org\/{rel}","templated":true}]}}