{"id":6552,"date":"2025-10-16T12:00:18","date_gmt":"2025-10-16T09:00:18","guid":{"rendered":"http:\/\/www.tukenmezkitap.com\/kitap\/ufacik-notlar-bazen-hayat-kurtarir-sabriye-turkmen-kaya"},"modified":"2025-10-16T12:00:33","modified_gmt":"2025-10-16T09:00:33","slug":"ufacik-notlar-bazen-hayat-kurtarir-sabriye-turkmen-kaya","status":"publish","type":"product","link":"https:\/\/www.tukenmezkitap.com\/en\/kitap\/ufacik-notlar-bazen-hayat-kurtarir-sabriye-turkmen-kaya","title":{"rendered":"Ufac\u0131k Notlar Bazen Hayat Kurtar\u0131r &#8211; Sabriye T\u00fcrkmen Kaya"},"content":{"rendered":"<p>\u0130nsan\u0131n al\u0131\u015fkanl\u0131klar\u0131n\u0131 de\u011fi\u015ftirmesi o kadar zor ki hep derim &#8220;G\u00fczel \u015feyleri al\u0131\u015fkanl\u0131k edinelim.&#8221; diye.<\/p>","protected":false},"excerpt":{"rendered":"<p>\u0130nsan\u0131n al\u0131\u015fkanl\u0131klar\u0131n\u0131 de\u011fi\u015ftirmesi o kadar zor ki hep derim &#8220;G\u00fczel \u015feyleri al\u0131\u015fkanl\u0131k edinelim.&#8221; diye.<\/p>","protected":false},"featured_media":6553,"comment_status":"closed","ping_status":"open","template":"","meta":{"inline_featured_image":false},"product_cat":[1024,1019],"product_tag":[],"class_list":{"0":"post-6552","1":"product","2":"type-product","3":"status-publish","4":"has-post-thumbnail","6":"product_cat-deneme","7":"product_cat-edebiyat","8":"pa_boyut-13x-195-cm","9":"pa_dil-turkce","10":"pa_sayfa-sayisi-693","11":"pa_yayin-tarihi-11-15-2021","12":"pa_yazar-sabriye-turkmen-kaya","14":"first","15":"instock","16":"sale","17":"purchasable","18":"product-type-simple"},"_links":{"self":[{"href":"https:\/\/www.tukenmezkitap.com\/en\/wp-json\/wp\/v2\/product\/6552","targetHints":{"allow":["GET"]}}],"collection":[{"href":"https:\/\/www.tukenmezkitap.com\/en\/wp-json\/wp\/v2\/product"}],"about":[{"href":"https:\/\/www.tukenmezkitap.com\/en\/wp-json\/wp\/v2\/types\/product"}],"replies":[{"embeddable":true,"href":"https:\/\/www.tukenmezkitap.com\/en\/wp-json\/wp\/v2\/comments?post=6552"}],"wp:featuredmedia":[{"embeddable":true,"href":"https:\/\/www.tukenmezkitap.com\/en\/wp-json\/wp\/v2\/media\/6553"}],"wp:attachment":[{"href":"https:\/\/www.tukenmezkitap.com\/en\/wp-json\/wp\/v2\/media?parent=6552"}],"wp:term":[{"taxonomy":"product_cat","embeddable":true,"href":"https:\/\/www.tukenmezkitap.com\/en\/wp-json\/wp\/v2\/product_cat?post=6552"},{"taxonomy":"product_tag","embeddable":true,"href":"https:\/\/www.tukenmezkitap.com\/en\/wp-json\/wp\/v2\/product_tag?post=6552"}],"curies":[{"name":"wp","href":"https:\/\/api.w.org\/{rel}","templated":true}]}}