{"id":6554,"date":"2025-10-16T12:00:18","date_gmt":"2025-10-16T09:00:18","guid":{"rendered":"http:\/\/www.tukenmezkitap.com\/kitap\/turan-buyusu-aziz-mevlutoglu"},"modified":"2025-10-16T12:00:36","modified_gmt":"2025-10-16T09:00:36","slug":"turan-buyusu-aziz-mevlutoglu","status":"publish","type":"product","link":"https:\/\/www.tukenmezkitap.com\/en\/kitap\/turan-buyusu-aziz-mevlutoglu","title":{"rendered":"Turan B\u00fcy\u00fcs\u00fc &#8211; Aziz Mevl\u00fcto\u011flu"},"content":{"rendered":"<p>\u00c7alarak kopuzu \u00f6\u011f\u00fct der Korkut,<br \/>\nUnutma onlar\u0131 haf\u0131zanda tut,<br \/>\nKa\u011fanl\u0131k u\u011frunda verilince kut,<br \/>\nBo\u015f vakit diye bir \u015fey aranamaz!<\/p>","protected":false},"excerpt":{"rendered":"<p>\u00c7alarak kopuzu \u00f6\u011f\u00fct der Korkut, Unutma onlar\u0131 haf\u0131zanda tut, Ka\u011fanl\u0131k u\u011frunda verilince kut, Bo\u015f vakit diye bir \u015fey aranamaz!<\/p>","protected":false},"featured_media":6555,"comment_status":"closed","ping_status":"open","template":"","meta":{"inline_featured_image":false},"product_cat":[1020,1019],"product_tag":[],"class_list":{"0":"post-6554","1":"product","2":"type-product","3":"status-publish","4":"has-post-thumbnail","6":"product_cat-siir","7":"product_cat-edebiyat","8":"pa_boyut-13-x-195-cm","9":"pa_dil-turkce","10":"pa_sayfa-sayisi-1099","11":"pa_yayin-tarihi-11-15-2021","12":"pa_yazar-aziz-mevlutoglu","14":"first","15":"instock","16":"sale","17":"purchasable","18":"product-type-simple"},"_links":{"self":[{"href":"https:\/\/www.tukenmezkitap.com\/en\/wp-json\/wp\/v2\/product\/6554","targetHints":{"allow":["GET"]}}],"collection":[{"href":"https:\/\/www.tukenmezkitap.com\/en\/wp-json\/wp\/v2\/product"}],"about":[{"href":"https:\/\/www.tukenmezkitap.com\/en\/wp-json\/wp\/v2\/types\/product"}],"replies":[{"embeddable":true,"href":"https:\/\/www.tukenmezkitap.com\/en\/wp-json\/wp\/v2\/comments?post=6554"}],"wp:featuredmedia":[{"embeddable":true,"href":"https:\/\/www.tukenmezkitap.com\/en\/wp-json\/wp\/v2\/media\/6555"}],"wp:attachment":[{"href":"https:\/\/www.tukenmezkitap.com\/en\/wp-json\/wp\/v2\/media?parent=6554"}],"wp:term":[{"taxonomy":"product_cat","embeddable":true,"href":"https:\/\/www.tukenmezkitap.com\/en\/wp-json\/wp\/v2\/product_cat?post=6554"},{"taxonomy":"product_tag","embeddable":true,"href":"https:\/\/www.tukenmezkitap.com\/en\/wp-json\/wp\/v2\/product_tag?post=6554"}],"curies":[{"name":"wp","href":"https:\/\/api.w.org\/{rel}","templated":true}]}}