{"id":6570,"date":"2025-10-16T12:00:18","date_gmt":"2025-10-16T09:00:18","guid":{"rendered":"http:\/\/www.tukenmezkitap.com\/kitap\/sevi-cicekligi-mustafa-ustun"},"modified":"2025-10-16T12:00:54","modified_gmt":"2025-10-16T09:00:54","slug":"sevi-cicekligi-mustafa-ustun","status":"publish","type":"product","link":"https:\/\/www.tukenmezkitap.com\/en\/kitap\/sevi-cicekligi-mustafa-ustun","title":{"rendered":"Sevi \u00c7i\u00e7ekli\u011fi &#8211; Mustafa \u00dcst\u00fcn"},"content":{"rendered":"<p>\u015eiir,<br \/>\nG\u00fczel s\u00f6ylenmi\u015f bir ho\u015f yank\u0131d\u0131r.<br \/>\nYaz\u0131m kurallar\u0131 vard\u0131r.<br \/>\nD\u00fcz yaz\u0131 de\u011fildir.<br \/>\n\u00dcstyap\u0131 s\u00f6ylemi de de\u011fildir.<br \/>\n\u00c7\u00fcnk\u00fc \u015fiirin \u00f6z kayna\u011f\u0131 halkt\u0131r.<\/p>","protected":false},"excerpt":{"rendered":"<p>\u015eiir, G\u00fczel s\u00f6ylenmi\u015f bir ho\u015f yank\u0131d\u0131r. Yaz\u0131m kurallar\u0131 vard\u0131r. D\u00fcz yaz\u0131 de\u011fildir. \u00dcstyap\u0131 s\u00f6ylemi de de\u011fildir. \u00c7\u00fcnk\u00fc \u015fiirin \u00f6z kayna\u011f\u0131 halkt\u0131r.<\/p>","protected":false},"featured_media":6571,"comment_status":"closed","ping_status":"open","template":"","meta":{"inline_featured_image":false},"product_cat":[1020,1019],"product_tag":[],"class_list":{"0":"post-6570","1":"product","2":"type-product","3":"status-publish","4":"has-post-thumbnail","6":"product_cat-siir","7":"product_cat-edebiyat","8":"pa_boyut-135-x-195-cm","9":"pa_dil-turkce","10":"pa_sayfa-sayisi-957","11":"pa_yayin-tarihi-1-10-2022","12":"pa_yazar-mustafa-ustun","14":"first","15":"instock","16":"sale","17":"purchasable","18":"product-type-simple"},"_links":{"self":[{"href":"https:\/\/www.tukenmezkitap.com\/en\/wp-json\/wp\/v2\/product\/6570","targetHints":{"allow":["GET"]}}],"collection":[{"href":"https:\/\/www.tukenmezkitap.com\/en\/wp-json\/wp\/v2\/product"}],"about":[{"href":"https:\/\/www.tukenmezkitap.com\/en\/wp-json\/wp\/v2\/types\/product"}],"replies":[{"embeddable":true,"href":"https:\/\/www.tukenmezkitap.com\/en\/wp-json\/wp\/v2\/comments?post=6570"}],"wp:featuredmedia":[{"embeddable":true,"href":"https:\/\/www.tukenmezkitap.com\/en\/wp-json\/wp\/v2\/media\/6571"}],"wp:attachment":[{"href":"https:\/\/www.tukenmezkitap.com\/en\/wp-json\/wp\/v2\/media?parent=6570"}],"wp:term":[{"taxonomy":"product_cat","embeddable":true,"href":"https:\/\/www.tukenmezkitap.com\/en\/wp-json\/wp\/v2\/product_cat?post=6570"},{"taxonomy":"product_tag","embeddable":true,"href":"https:\/\/www.tukenmezkitap.com\/en\/wp-json\/wp\/v2\/product_tag?post=6570"}],"curies":[{"name":"wp","href":"https:\/\/api.w.org\/{rel}","templated":true}]}}