{"id":6904,"date":"2025-10-16T12:08:03","date_gmt":"2025-10-16T09:08:03","guid":{"rendered":"http:\/\/www.tukenmezkitap.com\/kitap\/gonul-koydum-sana-ben-ibrahim-yildirim"},"modified":"2025-10-16T12:09:15","modified_gmt":"2025-10-16T09:09:15","slug":"gonul-koydum-sana-ben-ibrahim-yildirim","status":"publish","type":"product","link":"https:\/\/www.tukenmezkitap.com\/en\/kitap\/gonul-koydum-sana-ben-ibrahim-yildirim","title":{"rendered":"G\u00f6n\u00fcl Koydum Sana Ben &#8211; \u0130brahim Y\u0131ld\u0131r\u0131m"},"content":{"rendered":"<p>Mahlas\u0131m Cankat, ad\u0131m \u0130brahim;<br \/>\n\u00c7orum\u2019un Ku\u015fsaray K\u00f6y\u00fc\u2019ndenim ben.<br \/>\nBilen bilir benim kim oldu\u011fumu,<br \/>\n\u00c7orum\u2019un Ku\u015fsaray K\u00f6y\u00fc\u2019ndenim ben.<\/p>","protected":false},"excerpt":{"rendered":"<p>Mahlas\u0131m Cankat, ad\u0131m \u0130brahim; \u00c7orum\u2019un Ku\u015fsaray K\u00f6y\u00fc\u2019ndenim ben. Bilen bilir benim kim oldu\u011fumu, \u00c7orum\u2019un Ku\u015fsaray K\u00f6y\u00fc\u2019ndenim ben.<\/p>","protected":false},"featured_media":6905,"comment_status":"closed","ping_status":"open","template":"","meta":{"inline_featured_image":false},"product_cat":[1020,1019],"product_tag":[],"class_list":{"0":"post-6904","1":"product","2":"type-product","3":"status-publish","4":"has-post-thumbnail","6":"product_cat-siir","7":"product_cat-edebiyat","8":"pa_boyut-135-x-195-cm","9":"pa_dil-turkce","10":"pa_sayfa-sayisi-1410","11":"pa_yayin-tarihi-3-26-2024","12":"pa_yazar-ibrahim-yildirim","14":"first","15":"instock","16":"sale","17":"purchasable","18":"product-type-simple"},"_links":{"self":[{"href":"https:\/\/www.tukenmezkitap.com\/en\/wp-json\/wp\/v2\/product\/6904","targetHints":{"allow":["GET"]}}],"collection":[{"href":"https:\/\/www.tukenmezkitap.com\/en\/wp-json\/wp\/v2\/product"}],"about":[{"href":"https:\/\/www.tukenmezkitap.com\/en\/wp-json\/wp\/v2\/types\/product"}],"replies":[{"embeddable":true,"href":"https:\/\/www.tukenmezkitap.com\/en\/wp-json\/wp\/v2\/comments?post=6904"}],"wp:featuredmedia":[{"embeddable":true,"href":"https:\/\/www.tukenmezkitap.com\/en\/wp-json\/wp\/v2\/media\/6905"}],"wp:attachment":[{"href":"https:\/\/www.tukenmezkitap.com\/en\/wp-json\/wp\/v2\/media?parent=6904"}],"wp:term":[{"taxonomy":"product_cat","embeddable":true,"href":"https:\/\/www.tukenmezkitap.com\/en\/wp-json\/wp\/v2\/product_cat?post=6904"},{"taxonomy":"product_tag","embeddable":true,"href":"https:\/\/www.tukenmezkitap.com\/en\/wp-json\/wp\/v2\/product_tag?post=6904"}],"curies":[{"name":"wp","href":"https:\/\/api.w.org\/{rel}","templated":true}]}}