{"id":6912,"date":"2025-10-16T12:09:24","date_gmt":"2025-10-16T09:09:24","guid":{"rendered":"http:\/\/www.tukenmezkitap.com\/kitap\/bir-cift-bakis-tolga-yigit"},"modified":"2025-10-16T12:09:31","modified_gmt":"2025-10-16T09:09:31","slug":"bir-cift-bakis-tolga-yigit","status":"publish","type":"product","link":"https:\/\/www.tukenmezkitap.com\/en\/kitap\/bir-cift-bakis-tolga-yigit","title":{"rendered":"Bir \u00c7ift Bak\u0131\u015f &#8211; Tolga Yi\u011fit"},"content":{"rendered":"<p>Iss\u0131z bucaks\u0131z \u00e7\u00f6lde \u00e7are arad\u0131m<br \/>\n\u00c7\u00f6l de neymi\u015f, ben a\u015fk ac\u0131s\u0131 tatt\u0131m<br \/>\nSen yokken ben her g\u00fcn yand\u0131m<br \/>\nSen hi\u00e7 \u00e7are arad\u0131n m\u0131? S\u00f6yle<\/p>\n<p>Bana bakan o ceylan g\u00f6zler<br \/>\nBeni mi yoksa hayalleri mi g\u00f6zler<br \/>\nYalan m\u0131yd\u0131 o ac\u0131 s\u00f6zler?<br \/>\nYalan m\u0131yd\u0131? Ne olur s\u00f6yle&#8230;<\/p>","protected":false},"excerpt":{"rendered":"<p>Iss\u0131z bucaks\u0131z \u00e7\u00f6lde \u00e7are arad\u0131m \u00c7\u00f6l de neymi\u015f, ben a\u015fk ac\u0131s\u0131 tatt\u0131m Sen yokken ben her g\u00fcn yand\u0131m Sen hi\u00e7 \u00e7are arad\u0131n m\u0131? S\u00f6yle Bana bakan o ceylan g\u00f6zler Beni mi yoksa hayalleri mi g\u00f6zler Yalan m\u0131yd\u0131 o ac\u0131 s\u00f6zler? Yalan m\u0131yd\u0131? Ne olur s\u00f6yle&#8230;<\/p>","protected":false},"featured_media":6913,"comment_status":"closed","ping_status":"open","template":"","meta":{"inline_featured_image":false},"product_cat":[1020,1019],"product_tag":[],"class_list":{"0":"post-6912","1":"product","2":"type-product","3":"status-publish","4":"has-post-thumbnail","6":"product_cat-siir","7":"product_cat-edebiyat","8":"pa_boyut-135-x-195-cm","9":"pa_dil-turkce","10":"pa_sayfa-sayisi-825","11":"pa_yayin-tarihi-4-2-2024","12":"pa_yazar-tolga-yigit","14":"first","15":"instock","16":"sale","17":"purchasable","18":"product-type-simple"},"_links":{"self":[{"href":"https:\/\/www.tukenmezkitap.com\/en\/wp-json\/wp\/v2\/product\/6912","targetHints":{"allow":["GET"]}}],"collection":[{"href":"https:\/\/www.tukenmezkitap.com\/en\/wp-json\/wp\/v2\/product"}],"about":[{"href":"https:\/\/www.tukenmezkitap.com\/en\/wp-json\/wp\/v2\/types\/product"}],"replies":[{"embeddable":true,"href":"https:\/\/www.tukenmezkitap.com\/en\/wp-json\/wp\/v2\/comments?post=6912"}],"wp:featuredmedia":[{"embeddable":true,"href":"https:\/\/www.tukenmezkitap.com\/en\/wp-json\/wp\/v2\/media\/6913"}],"wp:attachment":[{"href":"https:\/\/www.tukenmezkitap.com\/en\/wp-json\/wp\/v2\/media?parent=6912"}],"wp:term":[{"taxonomy":"product_cat","embeddable":true,"href":"https:\/\/www.tukenmezkitap.com\/en\/wp-json\/wp\/v2\/product_cat?post=6912"},{"taxonomy":"product_tag","embeddable":true,"href":"https:\/\/www.tukenmezkitap.com\/en\/wp-json\/wp\/v2\/product_tag?post=6912"}],"curies":[{"name":"wp","href":"https:\/\/api.w.org\/{rel}","templated":true}]}}