{"id":7004,"date":"2025-10-16T12:11:51","date_gmt":"2025-10-16T09:11:51","guid":{"rendered":"http:\/\/www.tukenmezkitap.com\/kitap\/sanki-yokmus-enes-etik-ozen"},"modified":"2025-10-16T12:12:17","modified_gmt":"2025-10-16T09:12:17","slug":"sanki-yokmus-enes-etik-ozen","status":"publish","type":"product","link":"https:\/\/www.tukenmezkitap.com\/en\/kitap\/sanki-yokmus-enes-etik-ozen","title":{"rendered":"Sanki Yokmu\u015f &#8211; Enes Etik \u00d6zen"},"content":{"rendered":"<p>Umut mutlulu\u011fun resmi<br \/>\nIzd\u0131rab\u0131n ayak sesi<br \/>\nUmut mukavemetsiz insanlar\u0131n nikotini<br \/>\nUmut ve tezg\u00e2h<\/p>","protected":false},"excerpt":{"rendered":"<p>Umut mutlulu\u011fun resmi Izd\u0131rab\u0131n ayak sesi Umut mukavemetsiz insanlar\u0131n nikotini Umut ve tezg\u00e2h<\/p>","protected":false},"featured_media":7005,"comment_status":"closed","ping_status":"open","template":"","meta":{"inline_featured_image":false},"product_cat":[1024,1019],"product_tag":[],"class_list":{"0":"post-7004","1":"product","2":"type-product","3":"status-publish","4":"has-post-thumbnail","6":"product_cat-deneme","7":"product_cat-edebiyat","8":"pa_boyut-135-x-195-cm","9":"pa_dil-turkce","10":"pa_sayfa-sayisi-561","11":"pa_yayin-tarihi-8-22-2024","12":"pa_yazar-enes-etik-ozen","14":"first","15":"instock","16":"sale","17":"purchasable","18":"product-type-simple"},"_links":{"self":[{"href":"https:\/\/www.tukenmezkitap.com\/en\/wp-json\/wp\/v2\/product\/7004","targetHints":{"allow":["GET"]}}],"collection":[{"href":"https:\/\/www.tukenmezkitap.com\/en\/wp-json\/wp\/v2\/product"}],"about":[{"href":"https:\/\/www.tukenmezkitap.com\/en\/wp-json\/wp\/v2\/types\/product"}],"replies":[{"embeddable":true,"href":"https:\/\/www.tukenmezkitap.com\/en\/wp-json\/wp\/v2\/comments?post=7004"}],"wp:featuredmedia":[{"embeddable":true,"href":"https:\/\/www.tukenmezkitap.com\/en\/wp-json\/wp\/v2\/media\/7005"}],"wp:attachment":[{"href":"https:\/\/www.tukenmezkitap.com\/en\/wp-json\/wp\/v2\/media?parent=7004"}],"wp:term":[{"taxonomy":"product_cat","embeddable":true,"href":"https:\/\/www.tukenmezkitap.com\/en\/wp-json\/wp\/v2\/product_cat?post=7004"},{"taxonomy":"product_tag","embeddable":true,"href":"https:\/\/www.tukenmezkitap.com\/en\/wp-json\/wp\/v2\/product_tag?post=7004"}],"curies":[{"name":"wp","href":"https:\/\/api.w.org\/{rel}","templated":true}]}}