{"id":7064,"date":"2025-10-16T12:12:55","date_gmt":"2025-10-16T09:12:55","guid":{"rendered":"http:\/\/www.tukenmezkitap.com\/kitap\/yakaza-kagan-cankaya"},"modified":"2025-10-16T12:14:00","modified_gmt":"2025-10-16T09:14:00","slug":"yakaza-kagan-cankaya","status":"publish","type":"product","link":"https:\/\/www.tukenmezkitap.com\/en\/kitap\/yakaza-kagan-cankaya","title":{"rendered":"Yakaza &#8211; Ka\u011fan \u00c7ankaya"},"content":{"rendered":"<p>Birileri g\u00f6nl\u00fcm\u00fcn g\u00f6zlerini izlesin,<br \/>\nBen ki sat\u0131rlar\u0131ma g\u00f6zlerimi gizledim.<br \/>\n\u0130\u00e7imin g\u00f6zya\u015f\u0131n\u0131 \u00e2f\u00e2ka da\u011f\u0131tt\u0131m,<br \/>\nKi birisi i\u00e7sin de alev als\u0131n diledim.<\/p>","protected":false},"excerpt":{"rendered":"<p>Birileri g\u00f6nl\u00fcm\u00fcn g\u00f6zlerini izlesin, Ben ki sat\u0131rlar\u0131ma g\u00f6zlerimi gizledim. \u0130\u00e7imin g\u00f6zya\u015f\u0131n\u0131 \u00e2f\u00e2ka da\u011f\u0131tt\u0131m, Ki birisi i\u00e7sin de alev als\u0131n diledim.<\/p>","protected":false},"featured_media":7065,"comment_status":"closed","ping_status":"open","template":"","meta":{"inline_featured_image":false},"product_cat":[1020,1019],"product_tag":[],"class_list":{"0":"post-7064","1":"product","2":"type-product","3":"status-publish","4":"has-post-thumbnail","6":"product_cat-siir","7":"product_cat-edebiyat","8":"pa_boyut-135-x-195-cm","9":"pa_dil-turkce","10":"pa_sayfa-sayisi-769","11":"pa_yayin-tarihi-12-20-2024","12":"pa_yazar-kagan-cankaya","14":"first","15":"instock","16":"sale","17":"purchasable","18":"product-type-simple"},"_links":{"self":[{"href":"https:\/\/www.tukenmezkitap.com\/en\/wp-json\/wp\/v2\/product\/7064","targetHints":{"allow":["GET"]}}],"collection":[{"href":"https:\/\/www.tukenmezkitap.com\/en\/wp-json\/wp\/v2\/product"}],"about":[{"href":"https:\/\/www.tukenmezkitap.com\/en\/wp-json\/wp\/v2\/types\/product"}],"replies":[{"embeddable":true,"href":"https:\/\/www.tukenmezkitap.com\/en\/wp-json\/wp\/v2\/comments?post=7064"}],"wp:featuredmedia":[{"embeddable":true,"href":"https:\/\/www.tukenmezkitap.com\/en\/wp-json\/wp\/v2\/media\/7065"}],"wp:attachment":[{"href":"https:\/\/www.tukenmezkitap.com\/en\/wp-json\/wp\/v2\/media?parent=7064"}],"wp:term":[{"taxonomy":"product_cat","embeddable":true,"href":"https:\/\/www.tukenmezkitap.com\/en\/wp-json\/wp\/v2\/product_cat?post=7064"},{"taxonomy":"product_tag","embeddable":true,"href":"https:\/\/www.tukenmezkitap.com\/en\/wp-json\/wp\/v2\/product_tag?post=7064"}],"curies":[{"name":"wp","href":"https:\/\/api.w.org\/{rel}","templated":true}]}}