{"id":7076,"date":"2025-10-16T12:14:10","date_gmt":"2025-10-16T09:14:10","guid":{"rendered":"http:\/\/www.tukenmezkitap.com\/kitap\/lycaon-vampir-avci-ve-cadi-fazil-sahin"},"modified":"2025-10-16T12:14:24","modified_gmt":"2025-10-16T09:14:24","slug":"lycaon-vampir-avci-ve-cadi-fazil-sahin","status":"publish","type":"product","link":"https:\/\/www.tukenmezkitap.com\/en\/kitap\/lycaon-vampir-avci-ve-cadi-fazil-sahin","title":{"rendered":"Lycaon: Vampir, Avc\u0131 ve Cad\u0131 &#8211; Faz\u0131l \u015eahin"},"content":{"rendered":"<p>&#8220;Ge\u00e7mi\u015fi yazan, gelece\u011fi belirleyen kazananlard\u0131r; ve \u015fimdi sizler bildi\u011finiz tarihi unuttunuz ve en g\u00fc\u00e7l\u00fc Lycaon taraf\u0131ndan yeniden yaz\u0131lmas\u0131na tan\u0131kl\u0131k ediniz.&#8221;<\/p>","protected":false},"excerpt":{"rendered":"<p>&#8220;Ge\u00e7mi\u015fi yazan, gelece\u011fi belirleyen kazananlard\u0131r; ve \u015fimdi sizler bildi\u011finiz tarihi unuttunuz ve en g\u00fc\u00e7l\u00fc Lycaon taraf\u0131ndan yeniden yaz\u0131lmas\u0131na tan\u0131kl\u0131k ediniz.&#8221;<\/p>","protected":false},"featured_media":7077,"comment_status":"closed","ping_status":"open","template":"","meta":{"inline_featured_image":false},"product_cat":[1019,1033],"product_tag":[],"class_list":{"0":"post-7076","1":"product","2":"type-product","3":"status-publish","4":"has-post-thumbnail","6":"product_cat-edebiyat","7":"product_cat-roman","8":"pa_boyut-135-x-195-cm","9":"pa_dil-turkce","10":"pa_sayfa-sayisi-549","11":"pa_yayin-tarihi-12-30-2024","12":"pa_yazar-fazil-sahin","14":"first","15":"instock","16":"sale","17":"purchasable","18":"product-type-simple"},"_links":{"self":[{"href":"https:\/\/www.tukenmezkitap.com\/en\/wp-json\/wp\/v2\/product\/7076","targetHints":{"allow":["GET"]}}],"collection":[{"href":"https:\/\/www.tukenmezkitap.com\/en\/wp-json\/wp\/v2\/product"}],"about":[{"href":"https:\/\/www.tukenmezkitap.com\/en\/wp-json\/wp\/v2\/types\/product"}],"replies":[{"embeddable":true,"href":"https:\/\/www.tukenmezkitap.com\/en\/wp-json\/wp\/v2\/comments?post=7076"}],"wp:featuredmedia":[{"embeddable":true,"href":"https:\/\/www.tukenmezkitap.com\/en\/wp-json\/wp\/v2\/media\/7077"}],"wp:attachment":[{"href":"https:\/\/www.tukenmezkitap.com\/en\/wp-json\/wp\/v2\/media?parent=7076"}],"wp:term":[{"taxonomy":"product_cat","embeddable":true,"href":"https:\/\/www.tukenmezkitap.com\/en\/wp-json\/wp\/v2\/product_cat?post=7076"},{"taxonomy":"product_tag","embeddable":true,"href":"https:\/\/www.tukenmezkitap.com\/en\/wp-json\/wp\/v2\/product_tag?post=7076"}],"curies":[{"name":"wp","href":"https:\/\/api.w.org\/{rel}","templated":true}]}}