{"id":7092,"date":"2025-10-16T12:14:10","date_gmt":"2025-10-16T09:14:10","guid":{"rendered":"http:\/\/www.tukenmezkitap.com\/kitap\/magara-tenhada-anlam-arayisi-fatih-keskin"},"modified":"2025-10-16T12:14:56","modified_gmt":"2025-10-16T09:14:56","slug":"magara-tenhada-anlam-arayisi-fatih-keskin","status":"publish","type":"product","link":"https:\/\/www.tukenmezkitap.com\/en\/kitap\/magara-tenhada-anlam-arayisi-fatih-keskin","title":{"rendered":"Ma\u011fara: Tenhada Anlam Aray\u0131\u015f\u0131 &#8211;  Fatih Keskin"},"content":{"rendered":"<p>\u0130nsan ruhu bir oturma mek\u00e2n\u0131d\u0131r. Bu soyut mek\u00e2n; \u015fuuru, hat\u0131ralar\u0131, hayalleri, hisleri, umutlar\u0131, k\u0131rg\u0131nl\u0131klar\u0131, \u015fuurun ayd\u0131nl\u0131\u011f\u0131na kavu\u015famad\u0131\u011f\u0131 i\u00e7in birer g\u00f6lge niteli\u011fi ta\u015f\u0131yan gizemli sezgileri ve kolektif bilin\u00e7d\u0131\u015f\u0131n\u0131 i\u00e7ine alan sonsuz bir evren geni\u015fli\u011findedir. Bu sonsuz evrenin ke\u015ffedilmeyi bekleyen en mahrem s\u0131rlar\u0131, insanl\u0131\u011f\u0131n yery\u00fcz\u00fcndeki ilk s\u0131\u011f\u0131na\u011f\u0131 olan \u201cma\u011fara\u201d imgesinde muhafaza edilir. Be\u015ferin \u201cma\u011fara\u201ddan \u00e7\u0131karak yery\u00fcz\u00fcn\u00fc mesken tutmas\u0131n\u0131n ontogenetik seviyede bir tekrar\u0131 olarak her insan da ruhunun sonsuz evrenine ancak kendi \u201cma\u011fara\u201ds\u0131ndan a\u00e7\u0131labilir ki bu s\u00fcre\u00e7 mitik anlat\u0131larda sonsuz defa tekrarlan\u0131r. Bu ba\u011flamda \u201cma\u011fara\u201d \u00f6ze ve i\u00e7e d\u00f6n\u00fc\u015f\u00fcn simgesidir. \u201cMa\u011fara\u201dn\u0131n dehlizlerinden ruhun sonsuz evrenine a\u00e7\u0131lma dirayetini g\u00f6sterenler, bu sonsuz evrenin ferahl\u0131\u011f\u0131na erdikleri i\u00e7in d\u0131\u015f d\u00fcnyan\u0131n b\u00fct\u00fcn karanl\u0131\u011f\u0131na deruni bir kuvvet ve ayd\u0131nl\u0131kla kar\u015f\u0131 koyabilirler. Ve zulmete kar\u015f\u0131 koymak, hakiki bir anlam \u00fcretimidir.<\/p>\n<p>Dr. Serkan AKIN<\/p>","protected":false},"excerpt":{"rendered":"<p>\u0130nsan ruhu bir oturma mek\u00e2n\u0131d\u0131r. Bu soyut mek\u00e2n; \u015fuuru, hat\u0131ralar\u0131, hayalleri, hisleri, umutlar\u0131, k\u0131rg\u0131nl\u0131klar\u0131, \u015fuurun ayd\u0131nl\u0131\u011f\u0131na kavu\u015famad\u0131\u011f\u0131 i\u00e7in birer g\u00f6lge niteli\u011fi ta\u015f\u0131yan gizemli sezgileri ve kolektif bilin\u00e7d\u0131\u015f\u0131n\u0131 i\u00e7ine alan sonsuz bir evren geni\u015fli\u011findedir. Bu sonsuz evrenin ke\u015ffedilmeyi bekleyen en mahrem s\u0131rlar\u0131, insanl\u0131\u011f\u0131n yery\u00fcz\u00fcndeki ilk s\u0131\u011f\u0131na\u011f\u0131 olan \u201cma\u011fara\u201d imgesinde muhafaza edilir. Be\u015ferin \u201cma\u011fara\u201ddan \u00e7\u0131karak yery\u00fcz\u00fcn\u00fc mesken [&hellip;]<\/p>\n","protected":false},"featured_media":7093,"comment_status":"closed","ping_status":"open","template":"","meta":{"inline_featured_image":false},"product_cat":[1020,1019],"product_tag":[],"class_list":{"0":"post-7092","1":"product","2":"type-product","3":"status-publish","4":"has-post-thumbnail","6":"product_cat-siir","7":"product_cat-edebiyat","8":"pa_boyut-135-x-195-cm","9":"pa_dil-turkce","10":"pa_sayfa-sayisi-1042","11":"pa_yayin-tarihi-1-10-2025","12":"pa_yazar-fatih-keskin","14":"first","15":"instock","16":"sale","17":"purchasable","18":"product-type-simple"},"_links":{"self":[{"href":"https:\/\/www.tukenmezkitap.com\/en\/wp-json\/wp\/v2\/product\/7092","targetHints":{"allow":["GET"]}}],"collection":[{"href":"https:\/\/www.tukenmezkitap.com\/en\/wp-json\/wp\/v2\/product"}],"about":[{"href":"https:\/\/www.tukenmezkitap.com\/en\/wp-json\/wp\/v2\/types\/product"}],"replies":[{"embeddable":true,"href":"https:\/\/www.tukenmezkitap.com\/en\/wp-json\/wp\/v2\/comments?post=7092"}],"wp:featuredmedia":[{"embeddable":true,"href":"https:\/\/www.tukenmezkitap.com\/en\/wp-json\/wp\/v2\/media\/7093"}],"wp:attachment":[{"href":"https:\/\/www.tukenmezkitap.com\/en\/wp-json\/wp\/v2\/media?parent=7092"}],"wp:term":[{"taxonomy":"product_cat","embeddable":true,"href":"https:\/\/www.tukenmezkitap.com\/en\/wp-json\/wp\/v2\/product_cat?post=7092"},{"taxonomy":"product_tag","embeddable":true,"href":"https:\/\/www.tukenmezkitap.com\/en\/wp-json\/wp\/v2\/product_tag?post=7092"}],"curies":[{"name":"wp","href":"https:\/\/api.w.org\/{rel}","templated":true}]}}