{"id":7209,"date":"2025-10-16T12:17:57","date_gmt":"2025-10-16T09:17:57","guid":{"rendered":"http:\/\/www.tukenmezkitap.com\/kitap\/bir-baska-sevdim-abdulkerim-erkek"},"modified":"2025-10-16T12:18:36","modified_gmt":"2025-10-16T09:18:36","slug":"bir-baska-sevdim-abdulkerim-erkek","status":"publish","type":"product","link":"https:\/\/www.tukenmezkitap.com\/en\/kitap\/bir-baska-sevdim-abdulkerim-erkek","title":{"rendered":"Bir Ba\u015fka Sevdim &#8211; Abdulkerim Erkek"},"content":{"rendered":"<p>Bir kere sevilmi\u015f,<br \/>\nBadem \u00e7i\u00e7ekli g\u00fcl\u00fc\u015f\u00fcn.<br \/>\nBu baharda bir ba\u015fka sevdim seni,<br \/>\nNe yalanc\u0131 ne de ikinci.<\/p>","protected":false},"excerpt":{"rendered":"<p>Bir kere sevilmi\u015f, Badem \u00e7i\u00e7ekli g\u00fcl\u00fc\u015f\u00fcn. Bu baharda bir ba\u015fka sevdim seni, Ne yalanc\u0131 ne de ikinci.<\/p>","protected":false},"featured_media":7210,"comment_status":"closed","ping_status":"open","template":"","meta":{"inline_featured_image":false},"product_cat":[1020,1019],"product_tag":[],"class_list":{"0":"post-7209","1":"product","2":"type-product","3":"status-publish","4":"has-post-thumbnail","6":"product_cat-siir","7":"product_cat-edebiyat","8":"pa_boyut-135-x-195-cm","9":"pa_dil-turkce","10":"pa_sayfa-sayisi-1126","11":"pa_yayin-tarihi-8-22-2025","12":"pa_yazar-abdulkerim-erkek","14":"first","15":"instock","16":"sale","17":"purchasable","18":"product-type-simple"},"_links":{"self":[{"href":"https:\/\/www.tukenmezkitap.com\/en\/wp-json\/wp\/v2\/product\/7209","targetHints":{"allow":["GET"]}}],"collection":[{"href":"https:\/\/www.tukenmezkitap.com\/en\/wp-json\/wp\/v2\/product"}],"about":[{"href":"https:\/\/www.tukenmezkitap.com\/en\/wp-json\/wp\/v2\/types\/product"}],"replies":[{"embeddable":true,"href":"https:\/\/www.tukenmezkitap.com\/en\/wp-json\/wp\/v2\/comments?post=7209"}],"wp:featuredmedia":[{"embeddable":true,"href":"https:\/\/www.tukenmezkitap.com\/en\/wp-json\/wp\/v2\/media\/7210"}],"wp:attachment":[{"href":"https:\/\/www.tukenmezkitap.com\/en\/wp-json\/wp\/v2\/media?parent=7209"}],"wp:term":[{"taxonomy":"product_cat","embeddable":true,"href":"https:\/\/www.tukenmezkitap.com\/en\/wp-json\/wp\/v2\/product_cat?post=7209"},{"taxonomy":"product_tag","embeddable":true,"href":"https:\/\/www.tukenmezkitap.com\/en\/wp-json\/wp\/v2\/product_tag?post=7209"}],"curies":[{"name":"wp","href":"https:\/\/api.w.org\/{rel}","templated":true}]}}